{"id":27,"date":"2022-01-20T16:07:48","date_gmt":"2022-01-20T15:07:48","guid":{"rendered":"http:\/\/www.schermistica-malaspina.it\/?page_id=27"},"modified":"2022-01-26T21:16:11","modified_gmt":"2022-01-26T20:16:11","slug":"la-scherma","status":"publish","type":"page","link":"https:\/\/www.schermistica-malaspina.it\/?page_id=27","title":{"rendered":"La Scherma"},"content":{"rendered":"\n<p>La Scherma \u00e8 uno sport di combattimento nel quale due avversari si fronteggiano utilizzando il Fioretto, la Spada o la Sciabola. Per motivi di guerra, addestramento, spettacolo, onore, piacere o sport, la Scherma \u00e8 stata praticata fin dai tempi antichi usando una grande variet\u00e0 di armi: la spada romana, la sciabola giapponese, la scimitarra turca, la spada carolingia, lo stocco spagnolo, fino al moderno fioretto elettrico.<\/p>\n\n\n\n<p>Un bassorilievo egiziano dei tempi di Ramsete III ritrae degli schermidori che indossano delle maschere e hanno armi piegate sulla punta. Nel Medioevo le regole per i tornei furono messe per iscritto. La Scherma divenne popolare in Spagna nel XV secolo e, nel 1567, Carlo IX, re di Francia, cre\u00f2 l&#8217;Accademia dei Maestri d&#8217;Arme.Il fioretto, la specialit\u00e0 considerata pi\u00f9 elegante e che richiede grande abilit\u00e0, apparve per la prima volta nel XVII secolo. Nel XIX secolo, nonostante i duelli fossero stati banditi e fossero diffuse le armi da fuoco, i romanzi di F\u00e9val, Dumas e Scott che raccontavano avventure di cappa e spada affascinavano il pubblico e riportarono alla ribalta la Scherma. In Francia, l&#8217;Ecole de Joinville, fondata nel 1852, inizi\u00f2 ad addestrare studenti e contribu\u00ec a far diventare la scherma un vero sport. La Scherma &#8211; con fioretto e sciabola \u2013 fu inclusa nei primi giochi delle Olimpiadi moderne (Atene 1896), mentre la spada fu aggiunta nel 1900. A parte l&#8217;introduzione dei segnali elettrici, le regole e le tecniche alla base di questo sport discendono direttamente dalla storica arte di maneggiare la spada in combattimento e in duello.<\/p>\n\n\n\n<p>\u2022 <strong>Il Fioretto<\/strong><\/p>\n\n\n\n<p>I pi\u00f9 piccoli iniziano la scherma con quest\u2019arma, che pu\u00f2 colpire solo di punta ed \u00e8 ritenuta da molti la pi\u00f9 adatta per imparare le azioni fondamentali. Il bersaglio valido \u00e8 tutto il tronco, coperto da un giubbetto conduttivo. Testa, braccia e gambe sono bersaglio non valido, anche se dal 1\u00b0 gennaio del 2009 \u00e8 stata introdotta come bersaglio valido parte della gorgiera della maschera. In caso di stoccata per entrambi gli avversari, l\u2019arbitro applica la \u201cconvenzione\u201d: una serie di regole derivanti dalla logica del duello, secondo cui \u201chai ragione\u201d (e quindi gli viene assegnato il punto) chi attacca per primo, o chi para e risponde, o chi ha l\u2019arma \u201cin linea\u201d (braccio disteso e punta che minaccia il bersaglio valido) prima dell\u2019inizio dell\u2019attacco dell\u2019avversario.<\/p>\n\n\n\n<p>\u2022 <strong>La Sciabola<\/strong><\/p>\n\n\n\n<p>Anche in questa specialit\u00e0 si applica la \u201cconvenzione\u201d, ma il bersaglio \u00e8 pi\u00f9 ampio, comprensivo di tutta la met\u00e0 superiore del corpo: il colpo non viene segnalato (come invece avviene nel fioretto) se raggiunge altre parti del corpo. Si pu\u00f2 colpire con tutta la lama, quindi di punta, di taglio e controtaglio. E\u2019 l\u2019arma pi\u00f9 dinamica e veloce, da preferire per chi ha un temperamento vivace ed aggressivo.<\/p>\n\n\n\n<p>\u2022 <strong>La Spada<\/strong><\/p>\n\n\n\n<p>Arma che pu\u00f2 colpire solo di punta, in tutto il corpo. Non esiste \u201cconvenzione\u201d: il punto va a chi colpisce per primo. In caso di colpo doppio, possibile solo entro 40-50 millisecondi, si assegna un punto ad entrambi. E\u2019 la specialit\u00e0 pi\u00f9 matura e meditata ed \u00e8 quella che pi\u00f9 delle altre ha conservato alcune caratteristiche del duello terreno.<\/p>\n","protected":false},"excerpt":{"rendered":"<p>La Scherma \u00e8 uno sport di combattimento nel quale due avversari si fronteggiano utilizzando il Fioretto, la Spada o la Sciabola. Per motivi di guerra, addestramento, spettacolo, onore, piacere o sport, la Scherma \u00e8 stata praticata fin dai tempi antichi usando una grande variet\u00e0 di armi: la spada romana, la sciabola giapponese, la scimitarra turca, [&hellip;]<\/p>\n","protected":false},"author":2,"featured_media":0,"parent":0,"menu_order":0,"comment_status":"closed","ping_status":"closed","template":"","meta":{"footnotes":""},"class_list":["post-27","page","type-page","status-publish","hentry"],"_links":{"self":[{"href":"https:\/\/www.schermistica-malaspina.it\/index.php?rest_route=\/wp\/v2\/pages\/27","targetHints":{"allow":["GET"]}}],"collection":[{"href":"https:\/\/www.schermistica-malaspina.it\/index.php?rest_route=\/wp\/v2\/pages"}],"about":[{"href":"https:\/\/www.schermistica-malaspina.it\/index.php?rest_route=\/wp\/v2\/types\/page"}],"author":[{"embeddable":true,"href":"https:\/\/www.schermistica-malaspina.it\/index.php?rest_route=\/wp\/v2\/users\/2"}],"replies":[{"embeddable":true,"href":"https:\/\/www.schermistica-malaspina.it\/index.php?rest_route=%2Fwp%2Fv2%2Fcomments&post=27"}],"version-history":[{"count":3,"href":"https:\/\/www.schermistica-malaspina.it\/index.php?rest_route=\/wp\/v2\/pages\/27\/revisions"}],"predecessor-version":[{"id":130,"href":"https:\/\/www.schermistica-malaspina.it\/index.php?rest_route=\/wp\/v2\/pages\/27\/revisions\/130"}],"wp:attachment":[{"href":"https:\/\/www.schermistica-malaspina.it\/index.php?rest_route=%2Fwp%2Fv2%2Fmedia&parent=27"}],"curies":[{"name":"wp","href":"https:\/\/api.w.org\/{rel}","templated":true}]}}