{"id":133,"date":"2022-01-26T21:21:41","date_gmt":"2022-01-26T20:21:41","guid":{"rendered":"http:\/\/www.schermistica-malaspina.it\/?page_id=133"},"modified":"2022-12-19T12:52:30","modified_gmt":"2022-12-19T11:52:30","slug":"ti-diamo-il-benvenuto","status":"publish","type":"page","link":"https:\/\/www.schermistica-malaspina.it\/","title":{"rendered":"Ti diamo il benvenuto!"},"content":{"rendered":"\n<p>Questo \u00e8 il sito internet della <strong>Societ\u00e0 Schermistica Malaspina<\/strong>, siamo una societ\u00e0 di scherma aderente alla F.I.S. (Federazione Italiana Scherma). Il nostro impegno \u00e8 di promuovere la conoscenza e la pratica di questo bellissimo sport.<\/p>\n\n\n<div class=\"wp-block-image\">\n<figure class=\"aligncenter size-full is-resized\"><img loading=\"lazy\" decoding=\"async\" src=\"https:\/\/www.schermistica-malaspina.it\/wp-content\/uploads\/2022\/01\/Acquisisci-schermata-Web_26-1-2022_122925_www.instagram.com_.jpeg\" alt=\"\" class=\"wp-image-104\" width=\"227\" height=\"246\" srcset=\"https:\/\/www.schermistica-malaspina.it\/wp-content\/uploads\/2022\/01\/Acquisisci-schermata-Web_26-1-2022_122925_www.instagram.com_.jpeg 747w, https:\/\/www.schermistica-malaspina.it\/wp-content\/uploads\/2022\/01\/Acquisisci-schermata-Web_26-1-2022_122925_www.instagram.com_-276x300.jpeg 276w\" sizes=\"auto, (max-width: 227px) 100vw, 227px\" \/><\/figure>\n<\/div>\n\n\n<p>Se hai qualche curiosit\u00e0 su di noi puoi navigare tra queste pagine per scoprirci, se invece hai voglia di salire in pedana vieni a trovarci in palestra! Siamo in via <a href=\"https:\/\/maps.app.goo.gl\/uAi4xsJX5zppE8Xc6\">XXVII aprile 1<\/a>, a Massa (l&#8217;ingresso \u00e8 dal cortile della Scuola Media Malaspina). <\/p>\n\n\n\n<p>Ci trovi dal luned\u00ec al venerd\u00ec,  dalle 17 in poi.<\/p>\n\n\n\n<p>Puoi anche scriverci una mail a <a href=\"mailto:info@schermistica-malaspina.it\">info@schermistica-malaspina.it<\/a> o telefonare ai numeri 3773063735 &#8211; 3933271193 &#8211; 3472522417<\/p>\n\n\n\n<p>Ti aspettiamo!<\/p>\n\n\n\n\n","protected":false},"excerpt":{"rendered":"<p>Questo \u00e8 il sito internet della Societ\u00e0 Schermistica Malaspina, siamo una societ\u00e0 di scherma aderente alla F.I.S. (Federazione Italiana Scherma). Il nostro impegno \u00e8 di promuovere la conoscenza e la pratica di questo bellissimo sport. Se hai qualche curiosit\u00e0 su di noi puoi navigare tra queste pagine per scoprirci, se invece hai voglia di salire [&hellip;]<\/p>\n","protected":false},"author":2,"featured_media":0,"parent":0,"menu_order":0,"comment_status":"closed","ping_status":"closed","template":"","meta":{"footnotes":""},"class_list":["post-133","page","type-page","status-publish","hentry"],"_links":{"self":[{"href":"https:\/\/www.schermistica-malaspina.it\/index.php?rest_route=\/wp\/v2\/pages\/133","targetHints":{"allow":["GET"]}}],"collection":[{"href":"https:\/\/www.schermistica-malaspina.it\/index.php?rest_route=\/wp\/v2\/pages"}],"about":[{"href":"https:\/\/www.schermistica-malaspina.it\/index.php?rest_route=\/wp\/v2\/types\/page"}],"author":[{"embeddable":true,"href":"https:\/\/www.schermistica-malaspina.it\/index.php?rest_route=\/wp\/v2\/users\/2"}],"replies":[{"embeddable":true,"href":"https:\/\/www.schermistica-malaspina.it\/index.php?rest_route=%2Fwp%2Fv2%2Fcomments&post=133"}],"version-history":[{"count":4,"href":"https:\/\/www.schermistica-malaspina.it\/index.php?rest_route=\/wp\/v2\/pages\/133\/revisions"}],"predecessor-version":[{"id":265,"href":"https:\/\/www.schermistica-malaspina.it\/index.php?rest_route=\/wp\/v2\/pages\/133\/revisions\/265"}],"wp:attachment":[{"href":"https:\/\/www.schermistica-malaspina.it\/index.php?rest_route=%2Fwp%2Fv2%2Fmedia&parent=133"}],"curies":[{"name":"wp","href":"https:\/\/api.w.org\/{rel}","templated":true}]}}